{"id":244,"date":"2015-05-05T07:11:00","date_gmt":"2015-05-05T07:11:00","guid":{"rendered":"http:\/\/www.virvelvindensdans.se\/?page_id=244"},"modified":"2026-03-17T10:45:15","modified_gmt":"2026-03-17T10:45:15","slug":"ht-2015","status":"publish","type":"page","link":"https:\/\/www.virvelvindensdans.se\/?page_id=244","title":{"rendered":"Styrelse"},"content":{"rendered":"\n<p>Styrelsens sammans\u00e4ttning 2026<\/p>\n\n\n\n<p><strong>Ordf\u00f6rande<\/strong> Lena Andersson 0733-241342<br><strong>Sekreterare<\/strong> Lena Wilhelmsson 0705-899260<br><strong>Kass\u00f6r<\/strong> Yvonne Andersson 0768-281535\u00a0<br><strong>\u00d6vriga styrelseledam\u00f6ter<\/strong><br>Roger Nilsson, 0768-655030, Birgitta Kronvall 0709-327548<br>Agneta Persson 0738-417147, Lennart Karlsson 0736-503850<br>Ninna P\u00e5lsson 0706-660015, <br><strong>Suppelanter<\/strong><br>Anna-Stina Ripa 070-5203383, Lena Wiklander 0702-343081<br><strong>Lotterikommitt\u00e9<\/strong><br>Sammankallande Bertil Wilhelmsson 070-2688161<br><strong>Valberedningen<\/strong><br>Sammankallande Lars-Erik Larsson 070-3546842<br>Bertil Lindgren samt Roger Nilsson adj. fr\u00e5n styrelsen<br><strong>Revisorer<\/strong><br>Bengt Persson och Sven-Arne Andersson<br><br><\/p>\n\n\n\n<p><br><br><\/p>\n\n\n\n<p><\/p>\n\n\n\n<p><\/p>\n\n\n\n<p><\/p>\n\n\n\n<p><\/p>\n\n\n\n<p><\/p>\n\n\n\n<p><\/p>\n\n\n\n<p><\/p>\n\n\n\n<p><\/p>\n\n\n\n<p><\/p>\n\n\n\n<p><\/p>\n","protected":false},"excerpt":{"rendered":"<p>Styrelsens sammans\u00e4ttning 2026 Ordf\u00f6rande Lena Andersson 0733-241342Sekreterare Lena Wilhelmsson 0705-899260Kass\u00f6r Yvonne Andersson 0768-281535\u00a0\u00d6vriga styrelseledam\u00f6terRoger Nilsson, 0768-655030, Birgitta Kronvall 0709-327548Agneta Persson 0738-417147, Lennart Karlsson 0736-503850Ninna P\u00e5lsson 0706-660015, SuppelanterAnna-Stina Ripa 070-5203383, Lena Wiklander 0702-343081Lotterikommitt\u00e9Sammankallande Bertil Wilhelmsson 070-2688161ValberedningenSammankallande Lars-Erik Larsson 070-3546842Bertil Lindgren samt Roger Nilsson adj. fr\u00e5n styrelsenRevisorerBengt Persson och Sven-Arne Andersson<\/p>\n","protected":false},"author":7,"featured_media":0,"parent":0,"menu_order":5,"comment_status":"open","ping_status":"open","template":"","meta":{"footnotes":""},"class_list":["post-244","page","type-page","status-publish","hentry"],"_links":{"self":[{"href":"https:\/\/www.virvelvindensdans.se\/index.php?rest_route=\/wp\/v2\/pages\/244","targetHints":{"allow":["GET"]}}],"collection":[{"href":"https:\/\/www.virvelvindensdans.se\/index.php?rest_route=\/wp\/v2\/pages"}],"about":[{"href":"https:\/\/www.virvelvindensdans.se\/index.php?rest_route=\/wp\/v2\/types\/page"}],"author":[{"embeddable":true,"href":"https:\/\/www.virvelvindensdans.se\/index.php?rest_route=\/wp\/v2\/users\/7"}],"replies":[{"embeddable":true,"href":"https:\/\/www.virvelvindensdans.se\/index.php?rest_route=%2Fwp%2Fv2%2Fcomments&post=244"}],"version-history":[{"count":53,"href":"https:\/\/www.virvelvindensdans.se\/index.php?rest_route=\/wp\/v2\/pages\/244\/revisions"}],"predecessor-version":[{"id":3368,"href":"https:\/\/www.virvelvindensdans.se\/index.php?rest_route=\/wp\/v2\/pages\/244\/revisions\/3368"}],"wp:attachment":[{"href":"https:\/\/www.virvelvindensdans.se\/index.php?rest_route=%2Fwp%2Fv2%2Fmedia&parent=244"}],"curies":[{"name":"wp","href":"https:\/\/api.w.org\/{rel}","templated":true}]}}